{"id":21182,"date":"2023-02-10T00:01:54","date_gmt":"2023-02-10T00:01:54","guid":{"rendered":"https:\/\/en.colegiocelta.com.mx\/?page_id=21182"},"modified":"2023-04-18T04:40:05","modified_gmt":"2023-04-18T04:40:05","slug":"prepa-celta-galeria","status":"publish","type":"page","link":"https:\/\/en.colegiocelta.com.mx\/index.php\/prepa-celta-galeria\/","title":{"rendered":"Prepa Celta Galer\u00eda"},"content":{"rendered":"\t\t<div data-elementor-type=\"wp-post\" data-elementor-id=\"21182\" class=\"elementor elementor-21182\" data-elementor-post-type=\"page\">\n\t\t\t\t\t\t<section class=\"elementor-section elementor-top-section elementor-element elementor-element-8d8bad3 elementor-section-stretched elementor-section-boxed elementor-section-height-default elementor-section-height-default\" data-id=\"8d8bad3\" data-element_type=\"section\" data-e-type=\"section\" data-settings=\"{&quot;stretch_section&quot;:&quot;section-stretched&quot;,&quot;background_background&quot;:&quot;classic&quot;}\">\n\t\t\t\t\t\t\t<div class=\"elementor-background-overlay\"><\/div>\n\t\t\t\t\t\t\t<div class=\"elementor-container elementor-column-gap-default\">\n\t\t\t\t\t<div class=\"elementor-column elementor-col-100 elementor-top-column elementor-element elementor-element-7247e5a\" data-id=\"7247e5a\" data-element_type=\"column\" data-e-type=\"column\">\n\t\t\t<div class=\"elementor-widget-wrap elementor-element-populated\">\n\t\t\t\t\t\t<div class=\"elementor-element elementor-element-5926e25 elementor-widget elementor-widget-heading\" data-id=\"5926e25\" data-element_type=\"widget\" data-e-type=\"widget\" data-widget_type=\"heading.default\">\n\t\t\t\t<div class=\"elementor-widget-container\">\n\t\t\t\t\t<h2 class=\"elementor-heading-title elementor-size-default\">Prepa Celta Galer\u00eda\n<\/h2>\t\t\t\t<\/div>\n\t\t\t\t<\/div>\n\t\t\t\t\t<\/div>\n\t\t<\/div>\n\t\t\t\t\t<\/div>\n\t\t<\/section>\n\t\t\t\t<section class=\"elementor-section elementor-top-section elementor-element elementor-element-daacf3d elementor-section-stretched elementor-section-boxed elementor-section-height-default elementor-section-height-default\" data-id=\"daacf3d\" data-element_type=\"section\" data-e-type=\"section\" data-settings=\"{&quot;stretch_section&quot;:&quot;section-stretched&quot;,&quot;background_background&quot;:&quot;classic&quot;}\">\n\t\t\t\t\t\t\t<div class=\"elementor-background-overlay\"><\/div>\n\t\t\t\t\t\t\t<div class=\"elementor-container elementor-column-gap-default\">\n\t\t\t\t\t<div class=\"elementor-column elementor-col-100 elementor-top-column elementor-element elementor-element-bd6bfb7\" data-id=\"bd6bfb7\" data-element_type=\"column\" data-e-type=\"column\">\n\t\t\t<div class=\"elementor-widget-wrap elementor-element-populated\">\n\t\t\t\t\t\t<div class=\"elementor-element elementor-element-eb603d1 elementor-widget elementor-widget-thim-heading\" data-id=\"eb603d1\" data-element_type=\"widget\" data-e-type=\"widget\" data-widget_type=\"thim-heading.default\">\n\t\t\t\t<div class=\"elementor-widget-container\">\n\t\t\t\t\t\n<div class=\"bp-element bp-element-heading  align-center layout-1  \" >\n    \t<h3 class=\"title\"  style=\"color:#009DF7; line-height:1; font-size:40px; font-weight:500; text-transform:none; margin:0 0 10px 0; \">\n\tGaler\u00eda Prepa\t<\/h3>\n\n\t<span class=\"sub-title\"  style=\"line-height:1.777777; font-size:18px; font-weight:600; text-transform:none; margin:0px; \">Desarrollo f\u00edsico, social, intelectual, emocional, psicomotriz y de valores de nuestros alumnos.<\/span>\n\n\n<\/div>\t\t\t\t<\/div>\n\t\t\t\t<\/div>\n\t\t\t\t<div class=\"elementor-element elementor-element-e87f6d7 elementor-widget-divider--separator-type-pattern elementor-widget-divider--view-line elementor-widget elementor-widget-divider\" data-id=\"e87f6d7\" data-element_type=\"widget\" data-e-type=\"widget\" data-widget_type=\"divider.default\">\n\t\t\t\t<div class=\"elementor-widget-container\">\n\t\t\t\t\t\t\t<div class=\"elementor-divider\" style=\"--divider-pattern-url: url(&quot;data:image\/svg+xml,%3Csvg xmlns=&#039;http:\/\/www.w3.org\/2000\/svg&#039; preserveAspectRatio=&#039;none&#039; overflow=&#039;visible&#039; height=&#039;100%&#039; viewBox=&#039;0 0 24 24&#039; fill=&#039;none&#039; stroke=&#039;black&#039; stroke-width=&#039;1&#039; stroke-linecap=&#039;square&#039; stroke-miterlimit=&#039;10&#039;%3E%3Cpolyline points=&#039;0,6 6,6 6,18 18,18 18,6 24,6 \t&#039;\/%3E%3C\/svg%3E&quot;);\">\n\t\t\t<span class=\"elementor-divider-separator\">\n\t\t\t\t\t\t<\/span>\n\t\t<\/div>\n\t\t\t\t\t\t<\/div>\n\t\t\t\t<\/div>\n\t\t\t\t\t<\/div>\n\t\t<\/div>\n\t\t\t\t\t<\/div>\n\t\t<\/section>\n\t\t\t\t<section class=\"elementor-section elementor-top-section elementor-element elementor-element-a289610 elementor-section-stretched elementor-section-boxed elementor-section-height-default elementor-section-height-default\" data-id=\"a289610\" data-element_type=\"section\" data-e-type=\"section\" data-settings=\"{&quot;stretch_section&quot;:&quot;section-stretched&quot;,&quot;background_background&quot;:&quot;classic&quot;}\">\n\t\t\t\t\t\t\t<div class=\"elementor-background-overlay\"><\/div>\n\t\t\t\t\t\t\t<div class=\"elementor-container elementor-column-gap-default\">\n\t\t\t\t\t<div class=\"elementor-column elementor-col-100 elementor-top-column elementor-element elementor-element-d8979b4\" data-id=\"d8979b4\" data-element_type=\"column\" data-e-type=\"column\">\n\t\t\t<div class=\"elementor-widget-wrap elementor-element-populated\">\n\t\t\t\t\t\t<div class=\"elementor-element elementor-element-7e26b11 elementor-widget elementor-widget-thim-gallery-images\" data-id=\"7e26b11\" data-element_type=\"widget\" data-e-type=\"widget\" data-widget_type=\"thim-gallery-images.default\">\n\t\t\t\t<div class=\"elementor-widget-container\">\n\t\t\t\t\t\n<div class=\"bp-element bp-element-gallery-images layout-3  \" >\n\t        <div class=\"grid-wrapper row\">\n                    <div class=\"grid-item size-md\">\n                <div class=\"item-inner\">\n                    <a href=\"https:\/\/en.colegiocelta.com.mx\/wp-content\/uploads\/2023\/02\/Entrada-Ext-PC.jpg\" class=\"bp-popup-image zoom-image\"> \n\t\t\t<img decoding=\"async\"  src=\"https:\/\/en.colegiocelta.com.mx\/wp-content\/uploads\/2023\/02\/Entrada-Ext-PC-607x295.jpg\"\n\t\t\t\t\t\t\t\t\t\t\t\t\t\t\t alt=\"Entrada-Ext-PC\"\n\t\t\t\t\t\t\t\t\t\t\t\t\t\t\t class=\"\">\n\n\t\t\t<\/a>\n                <\/div>\n            <\/div>\n                    <div class=\"grid-item size-md2\">\n                <div class=\"item-inner\">\n                    <a href=\"https:\/\/en.colegiocelta.com.mx\/wp-content\/uploads\/2023\/02\/Alberca-PC.jpg\" class=\"bp-popup-image zoom-image\"> \n\t\t\t<img decoding=\"async\"  src=\"https:\/\/en.colegiocelta.com.mx\/wp-content\/uploads\/2023\/02\/Alberca-PC-294x295.jpg\"\n\t\t\t\t\t\t\t\t\t\t\t\t\t\t\t alt=\"Alberca-PC\"\n\t\t\t\t\t\t\t\t\t\t\t\t\t\t\t class=\"\">\n\n\t\t\t<\/a>\n                <\/div>\n            <\/div>\n                    <div class=\"grid-item size-md2\">\n                <div class=\"item-inner\">\n                    <a href=\"https:\/\/en.colegiocelta.com.mx\/wp-content\/uploads\/2023\/02\/Guitarra-PC.jpg\" class=\"bp-popup-image zoom-image\"> \n\t\t\t<img decoding=\"async\"  src=\"https:\/\/en.colegiocelta.com.mx\/wp-content\/uploads\/2023\/02\/Guitarra-PC-294x295.jpg\"\n\t\t\t\t\t\t\t\t\t\t\t\t\t\t\t alt=\"Guitarra-PC\"\n\t\t\t\t\t\t\t\t\t\t\t\t\t\t\t class=\"\">\n\n\t\t\t<\/a>\n                <\/div>\n            <\/div>\n                    <div class=\"grid-item size-md\">\n                <div class=\"item-inner\">\n                    <a href=\"https:\/\/en.colegiocelta.com.mx\/wp-content\/uploads\/2023\/02\/MPC.jpg\" class=\"bp-popup-image zoom-image\"> \n\t\t\t<img decoding=\"async\"  src=\"https:\/\/en.colegiocelta.com.mx\/wp-content\/uploads\/2023\/02\/MPC-607x295.jpg\"\n\t\t\t\t\t\t\t\t\t\t\t\t\t\t\t alt=\"MPC\"\n\t\t\t\t\t\t\t\t\t\t\t\t\t\t\t class=\"\">\n\n\t\t\t<\/a>\n                <\/div>\n            <\/div>\n                    <div class=\"grid-item size-md\">\n                <div class=\"item-inner\">\n                    <a href=\"https:\/\/en.colegiocelta.com.mx\/wp-content\/uploads\/2023\/02\/Logo-ch.jpg\" class=\"bp-popup-image zoom-image\"> \n\t\t\t<img decoding=\"async\"  src=\"https:\/\/en.colegiocelta.com.mx\/wp-content\/uploads\/2023\/02\/Logo-ch-607x295.jpg\"\n\t\t\t\t\t\t\t\t\t\t\t\t\t\t\t alt=\"Logo-ch\"\n\t\t\t\t\t\t\t\t\t\t\t\t\t\t\t class=\"\">\n\n\t\t\t<\/a>\n                <\/div>\n            <\/div>\n                    <div class=\"grid-item size-md2\">\n                <div class=\"item-inner\">\n                    <a href=\"https:\/\/en.colegiocelta.com.mx\/wp-content\/uploads\/2023\/02\/BiBl.jpg\" class=\"bp-popup-image zoom-image\"> \n\t\t\t<img decoding=\"async\"  src=\"https:\/\/en.colegiocelta.com.mx\/wp-content\/uploads\/2023\/02\/BiBl-294x295.jpg\"\n\t\t\t\t\t\t\t\t\t\t\t\t\t\t\t alt=\"BiBl\"\n\t\t\t\t\t\t\t\t\t\t\t\t\t\t\t class=\"\">\n\n\t\t\t<\/a>\n                <\/div>\n            <\/div>\n                    <div class=\"grid-item size-md2\">\n                <div class=\"item-inner\">\n                    <a href=\"https:\/\/en.colegiocelta.com.mx\/wp-content\/uploads\/2023\/02\/Entrada-PC.jpg\" class=\"bp-popup-image zoom-image\"> \n\t\t\t<img decoding=\"async\"  src=\"https:\/\/en.colegiocelta.com.mx\/wp-content\/uploads\/2023\/02\/Entrada-PC-294x295.jpg\"\n\t\t\t\t\t\t\t\t\t\t\t\t\t\t\t alt=\"Entrada-PC\"\n\t\t\t\t\t\t\t\t\t\t\t\t\t\t\t class=\"\">\n\n\t\t\t<\/a>\n                <\/div>\n            <\/div>\n            <\/div>\n<\/div>\t\t\t\t<\/div>\n\t\t\t\t<\/div>\n\t\t\t\t\t<\/div>\n\t\t<\/div>\n\t\t\t\t\t<\/div>\n\t\t<\/section>\n\t\t\t\t<section class=\"elementor-section elementor-top-section elementor-element elementor-element-f73c580 elementor-section-stretched elementor-section-boxed elementor-section-height-default elementor-section-height-default\" data-id=\"f73c580\" data-element_type=\"section\" data-e-type=\"section\" data-settings=\"{&quot;stretch_section&quot;:&quot;section-stretched&quot;,&quot;background_background&quot;:&quot;classic&quot;}\">\n\t\t\t\t\t\t\t<div class=\"elementor-background-overlay\"><\/div>\n\t\t\t\t\t\t\t<div class=\"elementor-container elementor-column-gap-default\">\n\t\t\t\t\t<div class=\"elementor-column elementor-col-100 elementor-top-column elementor-element elementor-element-21ac13b\" data-id=\"21ac13b\" data-element_type=\"column\" data-e-type=\"column\">\n\t\t\t<div class=\"elementor-widget-wrap elementor-element-populated\">\n\t\t\t\t\t\t<div class=\"elementor-element elementor-element-812132a elementor-widget elementor-widget-heading\" data-id=\"812132a\" data-element_type=\"widget\" data-e-type=\"widget\" data-widget_type=\"heading.default\">\n\t\t\t\t<div class=\"elementor-widget-container\">\n\t\t\t\t\t<h2 class=\"elementor-heading-title elementor-size-default\">\u00a1Queremos que formes parte de la Familia Celta!<\/h2>\t\t\t\t<\/div>\n\t\t\t\t<\/div>\n\t\t\t\t<div class=\"elementor-element elementor-element-7f02cdb elementor-widget elementor-widget-text-editor\" data-id=\"7f02cdb\" data-element_type=\"widget\" data-e-type=\"widget\" data-widget_type=\"text-editor.default\">\n\t\t\t\t<div class=\"elementor-widget-container\">\n\t\t\t\t\t\t\t\t\t<p style=\"text-align: center;\">Cont\u00e1ctanos y recibe la informaci\u00f3n que necesitas para que tu hijo comience a estudiar en la escuela que se preocupa por su seguridad y su felicidad.<\/p>\t\t\t\t\t\t\t\t<\/div>\n\t\t\t\t<\/div>\n\t\t\t\t<section class=\"elementor-section elementor-inner-section elementor-element elementor-element-a918f0a elementor-section-boxed elementor-section-height-default elementor-section-height-default\" data-id=\"a918f0a\" data-element_type=\"section\" data-e-type=\"section\">\n\t\t\t\t\t\t<div class=\"elementor-container elementor-column-gap-default\">\n\t\t\t\t\t<div class=\"elementor-column elementor-col-50 elementor-inner-column elementor-element elementor-element-3f2ac9d\" data-id=\"3f2ac9d\" data-element_type=\"column\" data-e-type=\"column\">\n\t\t\t<div class=\"elementor-widget-wrap elementor-element-populated\">\n\t\t\t\t\t\t<div class=\"elementor-element elementor-element-c8da1eb elementor-align-right elementor-widget elementor-widget-button\" data-id=\"c8da1eb\" data-element_type=\"widget\" data-e-type=\"widget\" data-widget_type=\"button.default\">\n\t\t\t\t<div class=\"elementor-widget-container\">\n\t\t\t\t\t\t\t\t\t<div class=\"elementor-button-wrapper\">\n\t\t\t\t\t<a class=\"elementor-button elementor-button-link elementor-size-lg\" href=\"https:\/\/wa.link\/t8kkez\">\n\t\t\t\t\t\t<span class=\"elementor-button-content-wrapper\">\n\t\t\t\t\t\t<span class=\"elementor-button-icon\">\n\t\t\t\t<i aria-hidden=\"true\" class=\"fab fa-whatsapp\"><\/i>\t\t\t<\/span>\n\t\t\t\t\t\t\t\t\t<span class=\"elementor-button-text\">Env\u00edanos un mensaje<\/span>\n\t\t\t\t\t<\/span>\n\t\t\t\t\t<\/a>\n\t\t\t\t<\/div>\n\t\t\t\t\t\t\t\t<\/div>\n\t\t\t\t<\/div>\n\t\t\t\t\t<\/div>\n\t\t<\/div>\n\t\t\t\t<div class=\"elementor-column elementor-col-50 elementor-inner-column elementor-element elementor-element-6d4bf53\" data-id=\"6d4bf53\" data-element_type=\"column\" data-e-type=\"column\">\n\t\t\t<div class=\"elementor-widget-wrap elementor-element-populated\">\n\t\t\t\t\t\t<div class=\"elementor-element elementor-element-9d9c247 elementor-align-left elementor-widget elementor-widget-button\" data-id=\"9d9c247\" data-element_type=\"widget\" data-e-type=\"widget\" data-widget_type=\"button.default\">\n\t\t\t\t<div class=\"elementor-widget-container\">\n\t\t\t\t\t\t\t\t\t<div class=\"elementor-button-wrapper\">\n\t\t\t\t\t<a class=\"elementor-button elementor-button-link elementor-size-lg\" href=\"mailto:arlin.villarreal@celta.edu.mx,%20luis.altamirano@celta.edu.mx,%20natalie.gentecomouno@gmail.com\">\n\t\t\t\t\t\t<span class=\"elementor-button-content-wrapper\">\n\t\t\t\t\t\t<span class=\"elementor-button-icon\">\n\t\t\t\t<i aria-hidden=\"true\" class=\"far fa-envelope\"><\/i>\t\t\t<\/span>\n\t\t\t\t\t\t\t\t\t<span class=\"elementor-button-text\">Agenda una cita<\/span>\n\t\t\t\t\t<\/span>\n\t\t\t\t\t<\/a>\n\t\t\t\t<\/div>\n\t\t\t\t\t\t\t\t<\/div>\n\t\t\t\t<\/div>\n\t\t\t\t\t<\/div>\n\t\t<\/div>\n\t\t\t\t\t<\/div>\n\t\t<\/section>\n\t\t\t\t\t<\/div>\n\t\t<\/div>\n\t\t\t\t\t<\/div>\n\t\t<\/section>\n\t\t\t\t<\/div>\n\t\t","protected":false},"excerpt":{"rendered":"<p>Prepa Celta Galer\u00eda Galer\u00eda Prepa Desarrollo f\u00edsico, social, intelectual, emocional, psicomotriz y de valores de nuestros alumnos. \u00a1Queremos que formes&#8230;<\/p>\n","protected":false},"author":1,"featured_media":0,"parent":0,"menu_order":0,"comment_status":"closed","ping_status":"closed","template":"","meta":{"footnotes":""},"class_list":["post-21182","page","type-page","status-publish","hentry"],"yoast_head":"<!-- This site is optimized with the Yoast SEO plugin v27.4 - https:\/\/yoast.com\/product\/yoast-seo-wordpress\/ -->\n<title>Prepa Celta Galer\u00eda - Colegio Celta<\/title>\n<meta name=\"robots\" content=\"index, follow, max-snippet:-1, max-image-preview:large, max-video-preview:-1\" \/>\n<link rel=\"canonical\" href=\"https:\/\/en.colegiocelta.com.mx\/index.php\/prepa-celta-galeria\/\" \/>\n<meta property=\"og:locale\" content=\"es_ES\" \/>\n<meta property=\"og:type\" content=\"article\" \/>\n<meta property=\"og:title\" content=\"Prepa Celta Galer\u00eda - Colegio Celta\" \/>\n<meta property=\"og:description\" content=\"Prepa Celta Galer\u00eda Galer\u00eda Prepa Desarrollo f\u00edsico, social, intelectual, emocional, psicomotriz y de valores de nuestros alumnos. \u00a1Queremos que formes...\" \/>\n<meta property=\"og:url\" content=\"https:\/\/en.colegiocelta.com.mx\/index.php\/prepa-celta-galeria\/\" \/>\n<meta property=\"og:site_name\" content=\"Colegio Celta\" \/>\n<meta property=\"article:publisher\" content=\"https:\/\/www.facebook.com\/ColegioCELTAInternacional\" \/>\n<meta property=\"article:modified_time\" content=\"2023-04-18T04:40:05+00:00\" \/>\n<meta property=\"og:image\" content=\"https:\/\/en.colegiocelta.com.mx\/wp-content\/uploads\/2023\/02\/Entrada-Ext-PC-607x295.jpg\" \/>\n<meta name=\"twitter:card\" content=\"summary_large_image\" \/>\n<meta name=\"twitter:label1\" content=\"Tiempo de lectura\" \/>\n\t<meta name=\"twitter:data1\" content=\"2 minutos\" \/>\n<script type=\"application\/ld+json\" class=\"yoast-schema-graph\">{\"@context\":\"https:\\\/\\\/schema.org\",\"@graph\":[{\"@type\":\"WebPage\",\"@id\":\"https:\\\/\\\/en.colegiocelta.com.mx\\\/index.php\\\/prepa-celta-galeria\\\/\",\"url\":\"https:\\\/\\\/en.colegiocelta.com.mx\\\/index.php\\\/prepa-celta-galeria\\\/\",\"name\":\"Prepa Celta Galer\u00eda - Colegio Celta\",\"isPartOf\":{\"@id\":\"https:\\\/\\\/en.colegiocelta.com.mx\\\/#website\"},\"primaryImageOfPage\":{\"@id\":\"https:\\\/\\\/en.colegiocelta.com.mx\\\/index.php\\\/prepa-celta-galeria\\\/#primaryimage\"},\"image\":{\"@id\":\"https:\\\/\\\/en.colegiocelta.com.mx\\\/index.php\\\/prepa-celta-galeria\\\/#primaryimage\"},\"thumbnailUrl\":\"https:\\\/\\\/en.colegiocelta.com.mx\\\/wp-content\\\/uploads\\\/2023\\\/02\\\/Entrada-Ext-PC-607x295.jpg\",\"datePublished\":\"2023-02-10T00:01:54+00:00\",\"dateModified\":\"2023-04-18T04:40:05+00:00\",\"breadcrumb\":{\"@id\":\"https:\\\/\\\/en.colegiocelta.com.mx\\\/index.php\\\/prepa-celta-galeria\\\/#breadcrumb\"},\"inLanguage\":\"es\",\"potentialAction\":[{\"@type\":\"ReadAction\",\"target\":[\"https:\\\/\\\/en.colegiocelta.com.mx\\\/index.php\\\/prepa-celta-galeria\\\/\"]}]},{\"@type\":\"ImageObject\",\"inLanguage\":\"es\",\"@id\":\"https:\\\/\\\/en.colegiocelta.com.mx\\\/index.php\\\/prepa-celta-galeria\\\/#primaryimage\",\"url\":\"https:\\\/\\\/en.colegiocelta.com.mx\\\/wp-content\\\/uploads\\\/2023\\\/02\\\/Entrada-Ext-PC.jpg\",\"contentUrl\":\"https:\\\/\\\/en.colegiocelta.com.mx\\\/wp-content\\\/uploads\\\/2023\\\/02\\\/Entrada-Ext-PC.jpg\",\"width\":800,\"height\":800},{\"@type\":\"BreadcrumbList\",\"@id\":\"https:\\\/\\\/en.colegiocelta.com.mx\\\/index.php\\\/prepa-celta-galeria\\\/#breadcrumb\",\"itemListElement\":[{\"@type\":\"ListItem\",\"position\":1,\"name\":\"Portada\",\"item\":\"https:\\\/\\\/en.colegiocelta.com.mx\\\/\"},{\"@type\":\"ListItem\",\"position\":2,\"name\":\"Prepa Celta Galer\u00eda\"}]},{\"@type\":\"WebSite\",\"@id\":\"https:\\\/\\\/en.colegiocelta.com.mx\\\/#website\",\"url\":\"https:\\\/\\\/en.colegiocelta.com.mx\\\/\",\"name\":\"Colegio Celta\",\"description\":\"Colegio Celta\",\"publisher\":{\"@id\":\"https:\\\/\\\/en.colegiocelta.com.mx\\\/#organization\"},\"potentialAction\":[{\"@type\":\"SearchAction\",\"target\":{\"@type\":\"EntryPoint\",\"urlTemplate\":\"https:\\\/\\\/en.colegiocelta.com.mx\\\/?s={search_term_string}\"},\"query-input\":{\"@type\":\"PropertyValueSpecification\",\"valueRequired\":true,\"valueName\":\"search_term_string\"}}],\"inLanguage\":\"es\"},{\"@type\":\"Organization\",\"@id\":\"https:\\\/\\\/en.colegiocelta.com.mx\\\/#organization\",\"name\":\"Colegio Celta\",\"url\":\"https:\\\/\\\/en.colegiocelta.com.mx\\\/\",\"logo\":{\"@type\":\"ImageObject\",\"inLanguage\":\"es\",\"@id\":\"https:\\\/\\\/en.colegiocelta.com.mx\\\/#\\\/schema\\\/logo\\\/image\\\/\",\"url\":\"https:\\\/\\\/en.colegiocelta.com.mx\\\/wp-content\\\/uploads\\\/2023\\\/01\\\/colegio-celta.png\",\"contentUrl\":\"https:\\\/\\\/en.colegiocelta.com.mx\\\/wp-content\\\/uploads\\\/2023\\\/01\\\/colegio-celta.png\",\"width\":761,\"height\":193,\"caption\":\"Colegio Celta\"},\"image\":{\"@id\":\"https:\\\/\\\/en.colegiocelta.com.mx\\\/#\\\/schema\\\/logo\\\/image\\\/\"},\"sameAs\":[\"https:\\\/\\\/www.facebook.com\\\/ColegioCELTAInternacional\",\"https:\\\/\\\/www.instagram.com\\\/colegioceltainternacional\\\/\",\"https:\\\/\\\/www.youtube.com\\\/channel\\\/UCjNQiQNgACg_t2_z0TRyvhQ\",\"https:\\\/\\\/open.spotify.com\\\/show\\\/0SciuUNWBO5GYzeDlpyjRH\"]}]}<\/script>\n<!-- \/ Yoast SEO plugin. -->","yoast_head_json":{"title":"Prepa Celta Galer\u00eda - Colegio Celta","robots":{"index":"index","follow":"follow","max-snippet":"max-snippet:-1","max-image-preview":"max-image-preview:large","max-video-preview":"max-video-preview:-1"},"canonical":"https:\/\/en.colegiocelta.com.mx\/index.php\/prepa-celta-galeria\/","og_locale":"es_ES","og_type":"article","og_title":"Prepa Celta Galer\u00eda - Colegio Celta","og_description":"Prepa Celta Galer\u00eda Galer\u00eda Prepa Desarrollo f\u00edsico, social, intelectual, emocional, psicomotriz y de valores de nuestros alumnos. \u00a1Queremos que formes...","og_url":"https:\/\/en.colegiocelta.com.mx\/index.php\/prepa-celta-galeria\/","og_site_name":"Colegio Celta","article_publisher":"https:\/\/www.facebook.com\/ColegioCELTAInternacional","article_modified_time":"2023-04-18T04:40:05+00:00","og_image":[{"url":"https:\/\/en.colegiocelta.com.mx\/wp-content\/uploads\/2023\/02\/Entrada-Ext-PC-607x295.jpg","type":"","width":"","height":""}],"twitter_card":"summary_large_image","twitter_misc":{"Tiempo de lectura":"2 minutos"},"schema":{"@context":"https:\/\/schema.org","@graph":[{"@type":"WebPage","@id":"https:\/\/en.colegiocelta.com.mx\/index.php\/prepa-celta-galeria\/","url":"https:\/\/en.colegiocelta.com.mx\/index.php\/prepa-celta-galeria\/","name":"Prepa Celta Galer\u00eda - Colegio Celta","isPartOf":{"@id":"https:\/\/en.colegiocelta.com.mx\/#website"},"primaryImageOfPage":{"@id":"https:\/\/en.colegiocelta.com.mx\/index.php\/prepa-celta-galeria\/#primaryimage"},"image":{"@id":"https:\/\/en.colegiocelta.com.mx\/index.php\/prepa-celta-galeria\/#primaryimage"},"thumbnailUrl":"https:\/\/en.colegiocelta.com.mx\/wp-content\/uploads\/2023\/02\/Entrada-Ext-PC-607x295.jpg","datePublished":"2023-02-10T00:01:54+00:00","dateModified":"2023-04-18T04:40:05+00:00","breadcrumb":{"@id":"https:\/\/en.colegiocelta.com.mx\/index.php\/prepa-celta-galeria\/#breadcrumb"},"inLanguage":"es","potentialAction":[{"@type":"ReadAction","target":["https:\/\/en.colegiocelta.com.mx\/index.php\/prepa-celta-galeria\/"]}]},{"@type":"ImageObject","inLanguage":"es","@id":"https:\/\/en.colegiocelta.com.mx\/index.php\/prepa-celta-galeria\/#primaryimage","url":"https:\/\/en.colegiocelta.com.mx\/wp-content\/uploads\/2023\/02\/Entrada-Ext-PC.jpg","contentUrl":"https:\/\/en.colegiocelta.com.mx\/wp-content\/uploads\/2023\/02\/Entrada-Ext-PC.jpg","width":800,"height":800},{"@type":"BreadcrumbList","@id":"https:\/\/en.colegiocelta.com.mx\/index.php\/prepa-celta-galeria\/#breadcrumb","itemListElement":[{"@type":"ListItem","position":1,"name":"Portada","item":"https:\/\/en.colegiocelta.com.mx\/"},{"@type":"ListItem","position":2,"name":"Prepa Celta Galer\u00eda"}]},{"@type":"WebSite","@id":"https:\/\/en.colegiocelta.com.mx\/#website","url":"https:\/\/en.colegiocelta.com.mx\/","name":"Colegio Celta","description":"Colegio Celta","publisher":{"@id":"https:\/\/en.colegiocelta.com.mx\/#organization"},"potentialAction":[{"@type":"SearchAction","target":{"@type":"EntryPoint","urlTemplate":"https:\/\/en.colegiocelta.com.mx\/?s={search_term_string}"},"query-input":{"@type":"PropertyValueSpecification","valueRequired":true,"valueName":"search_term_string"}}],"inLanguage":"es"},{"@type":"Organization","@id":"https:\/\/en.colegiocelta.com.mx\/#organization","name":"Colegio Celta","url":"https:\/\/en.colegiocelta.com.mx\/","logo":{"@type":"ImageObject","inLanguage":"es","@id":"https:\/\/en.colegiocelta.com.mx\/#\/schema\/logo\/image\/","url":"https:\/\/en.colegiocelta.com.mx\/wp-content\/uploads\/2023\/01\/colegio-celta.png","contentUrl":"https:\/\/en.colegiocelta.com.mx\/wp-content\/uploads\/2023\/01\/colegio-celta.png","width":761,"height":193,"caption":"Colegio Celta"},"image":{"@id":"https:\/\/en.colegiocelta.com.mx\/#\/schema\/logo\/image\/"},"sameAs":["https:\/\/www.facebook.com\/ColegioCELTAInternacional","https:\/\/www.instagram.com\/colegioceltainternacional\/","https:\/\/www.youtube.com\/channel\/UCjNQiQNgACg_t2_z0TRyvhQ","https:\/\/open.spotify.com\/show\/0SciuUNWBO5GYzeDlpyjRH"]}]}},"_links":{"self":[{"href":"https:\/\/en.colegiocelta.com.mx\/index.php\/wp-json\/wp\/v2\/pages\/21182","targetHints":{"allow":["GET"]}}],"collection":[{"href":"https:\/\/en.colegiocelta.com.mx\/index.php\/wp-json\/wp\/v2\/pages"}],"about":[{"href":"https:\/\/en.colegiocelta.com.mx\/index.php\/wp-json\/wp\/v2\/types\/page"}],"author":[{"embeddable":true,"href":"https:\/\/en.colegiocelta.com.mx\/index.php\/wp-json\/wp\/v2\/users\/1"}],"replies":[{"embeddable":true,"href":"https:\/\/en.colegiocelta.com.mx\/index.php\/wp-json\/wp\/v2\/comments?post=21182"}],"version-history":[{"count":18,"href":"https:\/\/en.colegiocelta.com.mx\/index.php\/wp-json\/wp\/v2\/pages\/21182\/revisions"}],"predecessor-version":[{"id":22381,"href":"https:\/\/en.colegiocelta.com.mx\/index.php\/wp-json\/wp\/v2\/pages\/21182\/revisions\/22381"}],"wp:attachment":[{"href":"https:\/\/en.colegiocelta.com.mx\/index.php\/wp-json\/wp\/v2\/media?parent=21182"}],"curies":[{"name":"wp","href":"https:\/\/api.w.org\/{rel}","templated":true}]}}